{"id":6128,"date":"2019-06-17T08:57:40","date_gmt":"2019-06-17T08:57:40","guid":{"rendered":"https:\/\/hotelalcapo.it\/?page_id=6128"},"modified":"2026-01-23T13:09:46","modified_gmt":"2026-01-23T13:09:46","slug":"tarifaires","status":"publish","type":"page","link":"https:\/\/www.hotelalcapo.it\/fr\/tarifaires\/","title":{"rendered":"Tarifaires"},"content":{"rendered":"<div class=\"wpb-content-wrapper\">[mk_page_section bg_image=\u00a0\u00bbhttps:\/\/hotelalcapo.it\/wp-content\/uploads\/2019\/06\/tariffe2.mp4&Prime; bg_position=\u00a0\u00bbcenter top\u00a0\u00bb bg_repeat=\u00a0\u00bbno-repeat\u00a0\u00bb bg_stretch=\u00a0\u00bbtrue\u00a0\u00bb enable_3d=\u00a0\u00bbtrue\u00a0\u00bb bg_video=\u00a0\u00bbyes\u00a0\u00bb mp4=\u00a0\u00bbhttps:\/\/hotelalcapo.it\/wp-content\/uploads\/2019\/06\/colazione.mp4&Prime; poster_image=\u00a0\u00bbhttps:\/\/hotelalcapo.it\/wp-content\/uploads\/2019\/06\/tariffe.jpg\u00a0\u00bb video_opacity=\u00a0\u00bb0.5&Prime; min_height=\u00a0\u00bb650&Prime; js_vertical_centered=\u00a0\u00bbtrue\u00a0\u00bb top_shape_color=\u00a0\u00bb#ffffff\u00a0\u00bb bottom_shape_color=\u00a0\u00bb#ffffff\u00a0\u00bb first_page=\u00a0\u00bbfalse\u00a0\u00bb last_page=\u00a0\u00bbfalse\u00a0\u00bb sidebar=\u00a0\u00bbsidebar-1&Prime;][vc_column][\/vc_column][\/mk_page_section][vc_row fullwidth=\u00a0\u00bbtrue\u00a0\u00bb visibility=\u00a0\u00bbhidden-sm\u00a0\u00bb css=\u00a0\u00bb.vc_custom_1569579408862{background-color: #000000 !important;}\u00a0\u00bb][vc_column width=\u00a0\u00bb1\/6&Prime;][\/vc_column][vc_column width=\u00a0\u00bb2\/3&Prime;][mk_padding_divider size=\u00a0\u00bb20&Prime;][mk_fancy_title color=\u00a0\u00bb#ffffff\u00a0\u00bb size=\u00a0\u00bb36&Prime; force_font_size=\u00a0\u00bbtrue\u00a0\u00bb size_phone=\u00a0\u00bb15&Prime; txt_transform=\u00a0\u00bbuppercase\u00a0\u00bb letter_spacing=\u00a0\u00bb5&Prime; margin_top=\u00a0\u00bb20&Prime; font_family=\u00a0\u00bbMontserrat\u00a0\u00bb font_type=\u00a0\u00bbgoogle\u00a0\u00bb align=\u00a0\u00bbcenter\u00a0\u00bb animation=\u00a0\u00bbtop-to-bottom\u00a0\u00bb]<span style=\"color: #ffffff;\">INFORMATION DE DEMANDE<\/span>[\/mk_fancy_title][vc_raw_html css=\u00a0\u00bb\u00a0\u00bb]JTVCY29udGFjdC1mb3JtLTclMjBpZCUzRCUyMjc4OTdiMTclMjIlMjB0aXRsZSUzRCUyMmZyYSUyMiU1RA==[\/vc_raw_html][\/vc_column][vc_column width=\u00a0\u00bb1\/6&Prime;][\/vc_column][\/vc_row][mk_page_section min_height=\u00a0\u00bb425&Prime; js_vertical_centered=\u00a0\u00bbtrue\u00a0\u00bb padding_top=\u00a0\u00bb30&Prime; padding_bottom=\u00a0\u00bb30&Prime; sidebar=\u00a0\u00bbsidebar-1&Prime;][vc_column][mk_fancy_title color=\u00a0\u00bb#000000&Prime; size=\u00a0\u00bb36&Prime; force_font_size=\u00a0\u00bbtrue\u00a0\u00bb size_phone=\u00a0\u00bb15&Prime; txt_transform=\u00a0\u00bbuppercase\u00a0\u00bb letter_spacing=\u00a0\u00bb5&Prime; margin_top=\u00a0\u00bb20&Prime; font_family=\u00a0\u00bbMontserrat\u00a0\u00bb font_type=\u00a0\u00bbgoogle\u00a0\u00bb align=\u00a0\u00bbcenter\u00a0\u00bb animation=\u00a0\u00bbtop-to-bottom\u00a0\u00bb]2026[\/mk_fancy_title][vc_column_text css=\u00a0\u00bb.vc_custom_1769168427314{margin-bottom: 0px !important;}\u00a0\u00bb]\n<p style=\"text-align: center;\"><strong><span class=\"TextRun SCXW254517569 BCX0\" lang=\"EN-US\" xml:lang=\"EN-US\" data-contrast=\"auto\"><span class=\"NormalTextRun SpellingErrorV2Themed SpellingErrorHighlight SCXW254517569 BCX0\">Ouverture<\/span><span class=\"NormalTextRun SCXW254517569 BCX0\"> du 02\/04\/2026 au 18\/10\/2026<\/span><\/span><span class=\"EOP SCXW254517569 BCX0\" data-ccp-props=\"{}\">\u00a0<\/span><\/strong><\/p>\n[\/vc_column_text][mk_image src=\u00a0\u00bbhttps:\/\/hotelalcapo.it\/wp-content\/uploads\/2019\/05\/loghino.png\u00a0\u00bb image_size=\u00a0\u00bbfull\u00a0\u00bb align=\u00a0\u00bbcenter\u00a0\u00bb margin_bottom=\u00a0\u00bb20&Prime; crop=\u00a0\u00bbfalse\u00a0\u00bb][mk_fancy_title color=\u00a0\u00bb#000000&Prime; size=\u00a0\u00bb36&Prime; force_font_size=\u00a0\u00bbtrue\u00a0\u00bb size_phone=\u00a0\u00bb15&Prime; txt_transform=\u00a0\u00bbuppercase\u00a0\u00bb letter_spacing=\u00a0\u00bb5&Prime; margin_top=\u00a0\u00bb20&Prime; font_family=\u00a0\u00bbMontserrat\u00a0\u00bb font_type=\u00a0\u00bbgoogle\u00a0\u00bb align=\u00a0\u00bbcenter\u00a0\u00bb animation=\u00a0\u00bbtop-to-bottom\u00a0\u00bb]<span class=\"TextRun SCXW29130311 BCX0\" lang=\"IT-IT\" xml:lang=\"IT-IT\" data-contrast=\"auto\"><span class=\"NormalTextRun SCXW29130311 BCX0\">Tarifs B&amp;B (chambre + petit d\u00e9jeuner)<\/span><\/span>[\/mk_fancy_title][\/vc_column][\/mk_page_section][vc_row][vc_column][vc_raw_html]JTVCdGFibGUlMjBpZCUzRDUlMjAlMkYlNUQ=[\/vc_raw_html][\/vc_column][\/vc_row][mk_page_section min_height=\u00a0\u00bb425&Prime; js_vertical_centered=\u00a0\u00bbtrue\u00a0\u00bb padding_top=\u00a0\u00bb30&Prime; padding_bottom=\u00a0\u00bb30&Prime; sidebar=\u00a0\u00bbsidebar-1&Prime;][vc_column][mk_fancy_title color=\u00a0\u00bb#000000&Prime; size=\u00a0\u00bb36&Prime; force_font_size=\u00a0\u00bbtrue\u00a0\u00bb size_phone=\u00a0\u00bb15&Prime; txt_transform=\u00a0\u00bbuppercase\u00a0\u00bb letter_spacing=\u00a0\u00bb5&Prime; margin_top=\u00a0\u00bb20&Prime; font_family=\u00a0\u00bbMontserrat\u00a0\u00bb font_type=\u00a0\u00bbgoogle\u00a0\u00bb align=\u00a0\u00bbcenter\u00a0\u00bb animation=\u00a0\u00bbtop-to-bottom\u00a0\u00bb]Tarifs DEMI PENSION<br \/>\n<span style=\"font-size: 18px;\">(tarif par personne pour le service D\u00ceNER)<\/span>[\/mk_fancy_title][vc_column_text css=\u00a0\u00bb.vc_custom_1769169131784{margin-bottom: 0px !important;}\u00a0\u00bb]Le service demi-pension sera effectu\u00e9 pendant la p\u00e9riode de P\u00e2ques, et du 29\/05 au 27\/09<\/p>\n<ul>\n<li>ADULTE (&gt; 16 ans) : 23,00 euros<\/li>\n<li>GAR\u00c7ON (de 12 \u00e0 16 ans): Euro 18,00<\/li>\n<li>ENFANT (&lt;11 ans) : 12,00 euros<\/li>\n<\/ul>\n<p>Au d\u00eener, il y a un Buffet contr\u00f4l\u00e9 (suivant les r\u00e8gles Covid) avec des l\u00e9gumes et des amuse-gueules, un choix entre 3 premiers et 3 seconds plats (diff\u00e9rents tous les soirs) et un dessert. Les vins sont exclus.<\/p>\n<p><strong>ATTENTION : Pour les p\u00e9riodes de moins de 3 nuits, devis sur demande par e-mail<\/strong><\/p>\n<p>Les prix indiqu\u00e9s sont destin\u00e9s \u00e0 exclure la taxe de s\u00e9jour appliqu\u00e9e par la Commune de Finale Ligure (1,50 euro par jour pour les 5 premi\u00e8res nuits) pour les personnes de 12 ans et plus.<\/p>\n<ul>\n<li><strong>Il est interdit de fumer dans les chambres.<\/strong>.<\/li>\n<li>L&rsquo;h\u00f4tel dispose d&rsquo;un ascenseur et chaque chambre est \u00e9quip\u00e9e de ventilateurs de plafond et de la climatisation, d&rsquo;une salle de bains, d&rsquo;un s\u00e8che-cheveux, d&rsquo;un t\u00e9l\u00e9phone, d&rsquo;une t\u00e9l\u00e9vision par satellite connect\u00e9e, d&rsquo;un coffre-fort et d&rsquo;un r\u00e9frig\u00e9rateur.<\/li>\n<li>Le garage peut \u00eatre r\u00e9serv\u00e9 sous r\u00e9serve de disponibilit\u00e9 avec un prix journalier de 20,00 \u20ac<\/li>\n<li>La r\u00e9servation t\u00e9l\u00e9phonique n&rsquo;est valable que si elle est valid\u00e9e par un acompte au plus tard dans les 8 jours suivant la m\u00eame confirmation t\u00e9l\u00e9phonique.<br \/>\nEn cas d&rsquo;annulation du s\u00e9jour, jusqu&rsquo;\u00e0 30 jours avant l&rsquo;arriv\u00e9e, 50% des arrhes seront restitu\u00e9s.<br \/>\nAucun remboursement ne sera d\u00fb si la r\u00e9servation est annul\u00e9e entre le 29\u00e8me jour et la date fix\u00e9e pour l&rsquo;arriv\u00e9e.<br \/>\nEn cas de d\u00e9part anticip\u00e9, nous nous r\u00e9servons le droit de retenir le co\u00fbt de trois nuits.<\/li>\n<li>Les chambres sont attribu\u00e9es \u00e0 partir de 14h00 le jour de l&rsquo;arriv\u00e9e et doivent \u00eatre lib\u00e9r\u00e9es \u00e0 10h00 le jour du d\u00e9part.<\/li>\n<\/ul>\n<p><strong>L&rsquo;h\u00f4tel a choisi de NE PAS accepter les animaux.<\/strong>[\/vc_column_text][\/vc_column][\/mk_page_section][vc_row fullwidth=\u00a0\u00bbtrue\u00a0\u00bb disable_element=\u00a0\u00bbyes\u00a0\u00bb css=\u00a0\u00bb.vc_custom_1769091772162{background-color: #000000 !important;}\u00a0\u00bb id=\u00a0\u00bbform\u00a0\u00bb][vc_column width=\u00a0\u00bb1\/6&Prime;][\/vc_column][vc_column width=\u00a0\u00bb2\/3&Prime;][mk_padding_divider size=\u00a0\u00bb20&Prime;][mk_fancy_title color=\u00a0\u00bb#ffffff\u00a0\u00bb size=\u00a0\u00bb36&Prime; force_font_size=\u00a0\u00bbtrue\u00a0\u00bb size_phone=\u00a0\u00bb15&Prime; txt_transform=\u00a0\u00bbuppercase\u00a0\u00bb letter_spacing=\u00a0\u00bb5&Prime; margin_top=\u00a0\u00bb20&Prime; font_family=\u00a0\u00bbMontserrat\u00a0\u00bb font_type=\u00a0\u00bbgoogle\u00a0\u00bb align=\u00a0\u00bbcenter\u00a0\u00bb animation=\u00a0\u00bbtop-to-bottom\u00a0\u00bb]<span style=\"color: #ffffff;\">INFORMATION DE DEMANDE<\/span>[\/mk_fancy_title][vc_raw_html]JTVCY2FsZGVyYV9mb3JtJTIwaWQlM0QlMjJDRjVkMDc1ZDY4ZTZlODIlMjIlNUQ=[\/vc_raw_html][\/vc_column][vc_column width=\u00a0\u00bb1\/6&Prime;][\/vc_column][\/vc_row][vc_row][vc_column][vc_column_text]\n[\/vc_column_text][\/vc_column][\/vc_row][vc_row visibility=\u00a0\u00bbhidden-sm\u00a0\u00bb css=\u00a0\u00bb.vc_custom_1590762789702{margin-top: 0px !important;margin-right: 0px !important;margin-bottom: 0px !important;margin-left: 0px !important;border-top-width: 0px !important;border-right-width: 0px !important;border-bottom-width: 0px !important;border-left-width: 0px !important;padding-top: 0px !important;padding-right: 0px !important;padding-bottom: 0px !important;padding-left: 0px !important;}\u00a0\u00bb][vc_column css=\u00a0\u00bb.vc_custom_1590762807300{margin-top: 0px !important;margin-right: 0px !important;margin-bottom: 0px !important;margin-left: 0px !important;border-top-width: 0px !important;border-right-width: 0px !important;border-bottom-width: 0px !important;border-left-width: 0px !important;padding-top: 0px !important;padding-right: 0px !important;padding-bottom: 0px !important;padding-left: 0px !important;}\u00a0\u00bb][vc_raw_html css=\u00a0\u00bb.vc_custom_1590764346072{margin-top: 0px !important;margin-right: 0px !important;margin-bottom: 0px !important;margin-left: 0px !important;border-top-width: 0px !important;border-right-width: 0px !important;border-bottom-width: 0px !important;border-left-width: 0px !important;padding-top: 0px !important;padding-right: 0px !important;padding-bottom: 0px !important;padding-left: 0px !important;}\u00a0\u00bb]JTNDYSUyMGhyZWYlM0QlMjJodHRwcyUzQSUyRiUyRmJvb2tpbmcuZXJpY3NvZnQuY29tJTJGQm9va2luZ0VuZ2luZSUyRkJvb2slM0ZpZGglM0REOUY3MUE5QjdGMTcxMzk3JTIyJTIwdGFyZ2V0JTNEJTIyX2JsYW5rJTIyJTNFJTBBJTNDZGl2JTIwaWQlM0QlMjJib29raW5nLXN0cmlwZSUyMiUyMHN0eWxlJTNEJTIyYmFja2dyb3VuZC1jb2xvciUzQSUyMzAwMDAwMCUzQiUyMHotaW5kZXglM0E5OTk5OTk5JTNCJTIwcGFkZGluZy10b3AlM0ExOHB4JTNCYm9yZGVyJTNBJTIwc29saWQlMjAxcHglMjAlMjNmZmZmZmYlM0IlMjBhbGlnbiUzQXJpZ2h0JTIyJTNFJTBBJTNDcCUyMGNsYXNzJTNEJTIyY29ycG8lMjIlMjBzdHlsZSUzRCUyMmNvbG9yJTNBJTIzZmZmZmZmJTNCcGFkZGluZy1yaWdodCUzQTIwcHglM0IlMjBwYWRkaW5nLWxlZnQlM0EyMHB4JTNCJTIwZm9udC1zaXplJTNBMTVweCUzQiUyMGFsaWduJTNBcmlnaHQlMjIlM0VCT09LJTIwT05MSU5FJTNDJTJGcCUzRSUwQSUzQyUyRmRpdiUzRSUwQSUzQyUyRmElM0U=[\/vc_raw_html][\/vc_column][\/vc_row][mk_page_section bg_color=\u00a0\u00bb#000000&Prime; min_height=\u00a0\u00bb60&Prime; full_width=\u00a0\u00bbtrue\u00a0\u00bb visibility=\u00a0\u00bbvisible-sm\u00a0\u00bb el_class=\u00a0\u00bbfisso\u00a0\u00bb sidebar=\u00a0\u00bbsidebar-1&Prime;][vc_column][vc_row_inner][vc_column_inner width=\u00a0\u00bb1\/6&Prime;][\/vc_column_inner][vc_column_inner width=\u00a0\u00bb2\/3&Prime;][vc_column_text align=\u00a0\u00bbcenter\u00a0\u00bb css=\u00a0\u00bb.vc_custom_1590764363444{margin-bottom: 0px !important;}\u00a0\u00bb]\n<p style=\"text-align: center; color: #ffffff;\"><b><a style=\"color: #ffffff;\" href=\"https:\/\/booking.ericsoft.com\/BookingEngine\/Book?idh=D9F71A9B7F171397\" target=\"_blank\" rel=\"noopener noreferrer\">BOOK ONLINE<\/a><\/b><\/p>\n[\/vc_column_text][\/vc_column_inner][vc_column_inner width=\u00a0\u00bb1\/6&Prime;][\/vc_column_inner][\/vc_row_inner][\/vc_column][\/mk_page_section]\n<\/div>","protected":false},"excerpt":{"rendered":"<p>[mk_page_section bg_image=\u00a0\u00bbhttps:\/\/hotelalcapo.it\/wp-content\/uploads\/2019\/06\/tariffe2.mp4&Prime; bg_position=\u00a0\u00bbcenter top\u00a0\u00bb bg_repeat=\u00a0\u00bbno-repeat\u00a0\u00bb bg_stretch=\u00a0\u00bbtrue\u00a0\u00bb enable_3d=\u00a0\u00bbtrue\u00a0\u00bb bg_video=\u00a0\u00bbyes\u00a0\u00bb mp4=\u00a0\u00bbhttps:\/\/hotelalcapo.it\/wp-content\/uploads\/2019\/06\/colazione.mp4&Prime; poster_image=\u00a0\u00bbhttps:\/\/hotelalcapo.it\/wp-content\/uploads\/2019\/06\/tariffe.jpg\u00a0\u00bb video_opacity=\u00a0\u00bb0.5&Prime; min_height=\u00a0\u00bb650&Prime; js_vertical_centered=\u00a0\u00bbtrue\u00a0\u00bb top_shape_color=\u00a0\u00bb#ffffff\u00a0\u00bb bottom_shape_color=\u00a0\u00bb#ffffff\u00a0\u00bb first_page=\u00a0\u00bbfalse\u00a0\u00bb last_page=\u00a0\u00bbfalse\u00a0\u00bb sidebar=\u00a0\u00bbsidebar-1&Prime;][vc_column][\/vc_column][\/mk_page_section][vc_row fullwidth=\u00a0\u00bbtrue\u00a0\u00bb visibility=\u00a0\u00bbhidden-sm\u00a0\u00bb css=\u00a0\u00bb.vc_custom_1569579408862{background-color: #000000 !important;}\u00a0\u00bb][vc_column width=\u00a0\u00bb1\/6&Prime;][\/vc_column][vc_column width=\u00a0\u00bb2\/3&Prime;][mk_padding_divider size=\u00a0\u00bb20&Prime;][mk_fancy_title color=\u00a0\u00bb#ffffff\u00a0\u00bb size=\u00a0\u00bb36&Prime; force_font_size=\u00a0\u00bbtrue\u00a0\u00bb size_phone=\u00a0\u00bb15&Prime; txt_transform=\u00a0\u00bbuppercase\u00a0\u00bb letter_spacing=\u00a0\u00bb5&Prime; margin_top=\u00a0\u00bb20&Prime; font_family=\u00a0\u00bbMontserrat\u00a0\u00bb font_type=\u00a0\u00bbgoogle\u00a0\u00bb align=\u00a0\u00bbcenter\u00a0\u00bb animation=\u00a0\u00bbtop-to-bottom\u00a0\u00bb]INFORMATION DE DEMANDE[\/mk_fancy_title][vc_raw_html css=\u00a0\u00bb\u00a0\u00bb]JTVCY29udGFjdC1mb3JtLTclMjBpZCUzRCUyMjc4OTdiMTclMjIlMjB0aXRsZSUzRCUyMmZyYSUyMiU1RA==[\/vc_raw_html][\/vc_column][vc_column width=\u00a0\u00bb1\/6&Prime;][\/vc_column][\/vc_row][mk_page_section min_height=\u00a0\u00bb425&Prime; js_vertical_centered=\u00a0\u00bbtrue\u00a0\u00bb padding_top=\u00a0\u00bb30&Prime; padding_bottom=\u00a0\u00bb30&Prime; sidebar=\u00a0\u00bbsidebar-1&Prime;][vc_column][mk_fancy_title color=\u00a0\u00bb#000000&Prime; size=\u00a0\u00bb36&Prime; force_font_size=\u00a0\u00bbtrue\u00a0\u00bb size_phone=\u00a0\u00bb15&Prime; txt_transform=\u00a0\u00bbuppercase\u00a0\u00bb letter_spacing=\u00a0\u00bb5&Prime; margin_top=\u00a0\u00bb20&Prime; font_family=\u00a0\u00bbMontserrat\u00a0\u00bb font_type=\u00a0\u00bbgoogle\u00a0\u00bb [&hellip;]<\/p>\n","protected":false},"author":1,"featured_media":0,"parent":0,"menu_order":0,"comment_status":"closed","ping_status":"closed","template":"","meta":{"footnotes":""},"class_list":["post-6128","page","type-page","status-publish","hentry"],"yoast_head":"<!-- This site is optimized with the Yoast SEO plugin v25.3 - https:\/\/yoast.com\/wordpress\/plugins\/seo\/ -->\n<title>Tarifaires - Hotel Al Capo - Varigotti Finale Ligure Savona<\/title>\n<meta name=\"robots\" content=\"index, follow, max-snippet:-1, max-image-preview:large, max-video-preview:-1\" \/>\n<link rel=\"canonical\" href=\"https:\/\/www.hotelalcapo.it\/fr\/tarifaires\/\" \/>\n<meta property=\"og:locale\" content=\"fr_FR\" \/>\n<meta property=\"og:type\" content=\"article\" \/>\n<meta property=\"og:title\" content=\"Tarifaires - Hotel Al Capo - Varigotti Finale Ligure Savona\" \/>\n<meta property=\"og:description\" content=\"[mk_page_section bg_image=\u00a0\u00bbhttps:\/\/hotelalcapo.it\/wp-content\/uploads\/2019\/06\/tariffe2.mp4&Prime; bg_position=\u00a0\u00bbcenter top\u00a0\u00bb bg_repeat=\u00a0\u00bbno-repeat\u00a0\u00bb bg_stretch=\u00a0\u00bbtrue\u00a0\u00bb enable_3d=\u00a0\u00bbtrue\u00a0\u00bb bg_video=\u00a0\u00bbyes\u00a0\u00bb mp4=\u00a0\u00bbhttps:\/\/hotelalcapo.it\/wp-content\/uploads\/2019\/06\/colazione.mp4&Prime; poster_image=\u00a0\u00bbhttps:\/\/hotelalcapo.it\/wp-content\/uploads\/2019\/06\/tariffe.jpg\u00a0\u00bb video_opacity=\u00a0\u00bb0.5&Prime; min_height=\u00a0\u00bb650&Prime; js_vertical_centered=\u00a0\u00bbtrue\u00a0\u00bb top_shape_color=\u00a0\u00bb#ffffff\u00a0\u00bb bottom_shape_color=\u00a0\u00bb#ffffff\u00a0\u00bb first_page=\u00a0\u00bbfalse\u00a0\u00bb last_page=\u00a0\u00bbfalse\u00a0\u00bb sidebar=\u00a0\u00bbsidebar-1&Prime;][vc_column][\/vc_column][\/mk_page_section][vc_row fullwidth=\u00a0\u00bbtrue\u00a0\u00bb visibility=\u00a0\u00bbhidden-sm\u00a0\u00bb css=\u00a0\u00bb.vc_custom_1569579408862{background-color: #000000 !important;}\u00a0\u00bb][vc_column width=\u00a0\u00bb1\/6&Prime;][\/vc_column][vc_column width=\u00a0\u00bb2\/3&Prime;][mk_padding_divider size=\u00a0\u00bb20&Prime;][mk_fancy_title color=\u00a0\u00bb#ffffff\u00a0\u00bb size=\u00a0\u00bb36&Prime; force_font_size=\u00a0\u00bbtrue\u00a0\u00bb size_phone=\u00a0\u00bb15&Prime; txt_transform=\u00a0\u00bbuppercase\u00a0\u00bb letter_spacing=\u00a0\u00bb5&Prime; margin_top=\u00a0\u00bb20&Prime; font_family=\u00a0\u00bbMontserrat\u00a0\u00bb font_type=\u00a0\u00bbgoogle\u00a0\u00bb align=\u00a0\u00bbcenter\u00a0\u00bb animation=\u00a0\u00bbtop-to-bottom\u00a0\u00bb]INFORMATION DE DEMANDE[\/mk_fancy_title][vc_raw_html css=\u00a0\u00bb\u00a0\u00bb]JTVCY29udGFjdC1mb3JtLTclMjBpZCUzRCUyMjc4OTdiMTclMjIlMjB0aXRsZSUzRCUyMmZyYSUyMiU1RA==[\/vc_raw_html][\/vc_column][vc_column width=\u00a0\u00bb1\/6&Prime;][\/vc_column][\/vc_row][mk_page_section min_height=\u00a0\u00bb425&Prime; js_vertical_centered=\u00a0\u00bbtrue\u00a0\u00bb padding_top=\u00a0\u00bb30&Prime; padding_bottom=\u00a0\u00bb30&Prime; sidebar=\u00a0\u00bbsidebar-1&Prime;][vc_column][mk_fancy_title color=\u00a0\u00bb#000000&Prime; size=\u00a0\u00bb36&Prime; force_font_size=\u00a0\u00bbtrue\u00a0\u00bb size_phone=\u00a0\u00bb15&Prime; txt_transform=\u00a0\u00bbuppercase\u00a0\u00bb letter_spacing=\u00a0\u00bb5&Prime; margin_top=\u00a0\u00bb20&Prime; font_family=\u00a0\u00bbMontserrat\u00a0\u00bb font_type=\u00a0\u00bbgoogle\u00a0\u00bb [&hellip;]\" \/>\n<meta property=\"og:url\" content=\"https:\/\/www.hotelalcapo.it\/fr\/tarifaires\/\" \/>\n<meta property=\"og:site_name\" content=\"Hotel Al Capo\" \/>\n<meta property=\"article:modified_time\" content=\"2026-01-23T13:09:46+00:00\" \/>\n<meta name=\"twitter:card\" content=\"summary_large_image\" \/>\n<meta name=\"twitter:label1\" content=\"Dur\u00e9e de lecture estim\u00e9e\" \/>\n\t<meta name=\"twitter:data1\" content=\"3 minutes\" \/>\n<script type=\"application\/ld+json\" class=\"yoast-schema-graph\">{\"@context\":\"https:\/\/schema.org\",\"@graph\":[{\"@type\":\"WebPage\",\"@id\":\"https:\/\/www.hotelalcapo.it\/fr\/tarifaires\/\",\"url\":\"https:\/\/www.hotelalcapo.it\/fr\/tarifaires\/\",\"name\":\"Tarifaires - Hotel Al Capo - Varigotti Finale Ligure Savona\",\"isPartOf\":{\"@id\":\"https:\/\/www.hotelalcapo.it\/fr\/#website\"},\"datePublished\":\"2019-06-17T08:57:40+00:00\",\"dateModified\":\"2026-01-23T13:09:46+00:00\",\"breadcrumb\":{\"@id\":\"https:\/\/www.hotelalcapo.it\/fr\/tarifaires\/#breadcrumb\"},\"inLanguage\":\"fr-FR\",\"potentialAction\":[{\"@type\":\"ReadAction\",\"target\":[\"https:\/\/www.hotelalcapo.it\/fr\/tarifaires\/\"]}]},{\"@type\":\"BreadcrumbList\",\"@id\":\"https:\/\/www.hotelalcapo.it\/fr\/tarifaires\/#breadcrumb\",\"itemListElement\":[{\"@type\":\"ListItem\",\"position\":1,\"name\":\"Home\",\"item\":\"https:\/\/www.hotelalcapo.it\/fr\/\"},{\"@type\":\"ListItem\",\"position\":2,\"name\":\"Tarifaires\"}]},{\"@type\":\"WebSite\",\"@id\":\"https:\/\/www.hotelalcapo.it\/fr\/#website\",\"url\":\"https:\/\/www.hotelalcapo.it\/fr\/\",\"name\":\"Hotel Al Capo\",\"description\":\"\",\"potentialAction\":[{\"@type\":\"SearchAction\",\"target\":{\"@type\":\"EntryPoint\",\"urlTemplate\":\"https:\/\/www.hotelalcapo.it\/fr\/?s={search_term_string}\"},\"query-input\":{\"@type\":\"PropertyValueSpecification\",\"valueRequired\":true,\"valueName\":\"search_term_string\"}}],\"inLanguage\":\"fr-FR\"}]}<\/script>\n<!-- \/ Yoast SEO plugin. -->","yoast_head_json":{"title":"Tarifaires - Hotel Al Capo - Varigotti Finale Ligure Savona","robots":{"index":"index","follow":"follow","max-snippet":"max-snippet:-1","max-image-preview":"max-image-preview:large","max-video-preview":"max-video-preview:-1"},"canonical":"https:\/\/www.hotelalcapo.it\/fr\/tarifaires\/","og_locale":"fr_FR","og_type":"article","og_title":"Tarifaires - Hotel Al Capo - Varigotti Finale Ligure Savona","og_description":"[mk_page_section bg_image=\u00a0\u00bbhttps:\/\/hotelalcapo.it\/wp-content\/uploads\/2019\/06\/tariffe2.mp4&Prime; bg_position=\u00a0\u00bbcenter top\u00a0\u00bb bg_repeat=\u00a0\u00bbno-repeat\u00a0\u00bb bg_stretch=\u00a0\u00bbtrue\u00a0\u00bb enable_3d=\u00a0\u00bbtrue\u00a0\u00bb bg_video=\u00a0\u00bbyes\u00a0\u00bb mp4=\u00a0\u00bbhttps:\/\/hotelalcapo.it\/wp-content\/uploads\/2019\/06\/colazione.mp4&Prime; poster_image=\u00a0\u00bbhttps:\/\/hotelalcapo.it\/wp-content\/uploads\/2019\/06\/tariffe.jpg\u00a0\u00bb video_opacity=\u00a0\u00bb0.5&Prime; min_height=\u00a0\u00bb650&Prime; js_vertical_centered=\u00a0\u00bbtrue\u00a0\u00bb top_shape_color=\u00a0\u00bb#ffffff\u00a0\u00bb bottom_shape_color=\u00a0\u00bb#ffffff\u00a0\u00bb first_page=\u00a0\u00bbfalse\u00a0\u00bb last_page=\u00a0\u00bbfalse\u00a0\u00bb sidebar=\u00a0\u00bbsidebar-1&Prime;][vc_column][\/vc_column][\/mk_page_section][vc_row fullwidth=\u00a0\u00bbtrue\u00a0\u00bb visibility=\u00a0\u00bbhidden-sm\u00a0\u00bb css=\u00a0\u00bb.vc_custom_1569579408862{background-color: #000000 !important;}\u00a0\u00bb][vc_column width=\u00a0\u00bb1\/6&Prime;][\/vc_column][vc_column width=\u00a0\u00bb2\/3&Prime;][mk_padding_divider size=\u00a0\u00bb20&Prime;][mk_fancy_title color=\u00a0\u00bb#ffffff\u00a0\u00bb size=\u00a0\u00bb36&Prime; force_font_size=\u00a0\u00bbtrue\u00a0\u00bb size_phone=\u00a0\u00bb15&Prime; txt_transform=\u00a0\u00bbuppercase\u00a0\u00bb letter_spacing=\u00a0\u00bb5&Prime; margin_top=\u00a0\u00bb20&Prime; font_family=\u00a0\u00bbMontserrat\u00a0\u00bb font_type=\u00a0\u00bbgoogle\u00a0\u00bb align=\u00a0\u00bbcenter\u00a0\u00bb animation=\u00a0\u00bbtop-to-bottom\u00a0\u00bb]INFORMATION DE DEMANDE[\/mk_fancy_title][vc_raw_html css=\u00a0\u00bb\u00a0\u00bb]JTVCY29udGFjdC1mb3JtLTclMjBpZCUzRCUyMjc4OTdiMTclMjIlMjB0aXRsZSUzRCUyMmZyYSUyMiU1RA==[\/vc_raw_html][\/vc_column][vc_column width=\u00a0\u00bb1\/6&Prime;][\/vc_column][\/vc_row][mk_page_section min_height=\u00a0\u00bb425&Prime; js_vertical_centered=\u00a0\u00bbtrue\u00a0\u00bb padding_top=\u00a0\u00bb30&Prime; padding_bottom=\u00a0\u00bb30&Prime; sidebar=\u00a0\u00bbsidebar-1&Prime;][vc_column][mk_fancy_title color=\u00a0\u00bb#000000&Prime; size=\u00a0\u00bb36&Prime; force_font_size=\u00a0\u00bbtrue\u00a0\u00bb size_phone=\u00a0\u00bb15&Prime; txt_transform=\u00a0\u00bbuppercase\u00a0\u00bb letter_spacing=\u00a0\u00bb5&Prime; margin_top=\u00a0\u00bb20&Prime; font_family=\u00a0\u00bbMontserrat\u00a0\u00bb font_type=\u00a0\u00bbgoogle\u00a0\u00bb [&hellip;]","og_url":"https:\/\/www.hotelalcapo.it\/fr\/tarifaires\/","og_site_name":"Hotel Al Capo","article_modified_time":"2026-01-23T13:09:46+00:00","twitter_card":"summary_large_image","twitter_misc":{"Dur\u00e9e de lecture estim\u00e9e":"3 minutes"},"schema":{"@context":"https:\/\/schema.org","@graph":[{"@type":"WebPage","@id":"https:\/\/www.hotelalcapo.it\/fr\/tarifaires\/","url":"https:\/\/www.hotelalcapo.it\/fr\/tarifaires\/","name":"Tarifaires - Hotel Al Capo - Varigotti Finale Ligure Savona","isPartOf":{"@id":"https:\/\/www.hotelalcapo.it\/fr\/#website"},"datePublished":"2019-06-17T08:57:40+00:00","dateModified":"2026-01-23T13:09:46+00:00","breadcrumb":{"@id":"https:\/\/www.hotelalcapo.it\/fr\/tarifaires\/#breadcrumb"},"inLanguage":"fr-FR","potentialAction":[{"@type":"ReadAction","target":["https:\/\/www.hotelalcapo.it\/fr\/tarifaires\/"]}]},{"@type":"BreadcrumbList","@id":"https:\/\/www.hotelalcapo.it\/fr\/tarifaires\/#breadcrumb","itemListElement":[{"@type":"ListItem","position":1,"name":"Home","item":"https:\/\/www.hotelalcapo.it\/fr\/"},{"@type":"ListItem","position":2,"name":"Tarifaires"}]},{"@type":"WebSite","@id":"https:\/\/www.hotelalcapo.it\/fr\/#website","url":"https:\/\/www.hotelalcapo.it\/fr\/","name":"Hotel Al Capo","description":"","potentialAction":[{"@type":"SearchAction","target":{"@type":"EntryPoint","urlTemplate":"https:\/\/www.hotelalcapo.it\/fr\/?s={search_term_string}"},"query-input":{"@type":"PropertyValueSpecification","valueRequired":true,"valueName":"search_term_string"}}],"inLanguage":"fr-FR"}]}},"_links":{"self":[{"href":"https:\/\/www.hotelalcapo.it\/fr\/wp-json\/wp\/v2\/pages\/6128","targetHints":{"allow":["GET"]}}],"collection":[{"href":"https:\/\/www.hotelalcapo.it\/fr\/wp-json\/wp\/v2\/pages"}],"about":[{"href":"https:\/\/www.hotelalcapo.it\/fr\/wp-json\/wp\/v2\/types\/page"}],"author":[{"embeddable":true,"href":"https:\/\/www.hotelalcapo.it\/fr\/wp-json\/wp\/v2\/users\/1"}],"replies":[{"embeddable":true,"href":"https:\/\/www.hotelalcapo.it\/fr\/wp-json\/wp\/v2\/comments?post=6128"}],"version-history":[{"count":23,"href":"https:\/\/www.hotelalcapo.it\/fr\/wp-json\/wp\/v2\/pages\/6128\/revisions"}],"predecessor-version":[{"id":6840,"href":"https:\/\/www.hotelalcapo.it\/fr\/wp-json\/wp\/v2\/pages\/6128\/revisions\/6840"}],"wp:attachment":[{"href":"https:\/\/www.hotelalcapo.it\/fr\/wp-json\/wp\/v2\/media?parent=6128"}],"curies":[{"name":"wp","href":"https:\/\/api.w.org\/{rel}","templated":true}]}}