{"id":6165,"date":"2019-06-17T09:56:24","date_gmt":"2019-06-17T09:56:24","guid":{"rendered":"https:\/\/hotelalcapo.it\/?page_id=6165"},"modified":"2026-01-22T14:22:37","modified_gmt":"2026-01-22T14:22:37","slug":"qui-sommes-nous","status":"publish","type":"page","link":"https:\/\/www.hotelalcapo.it\/fr\/qui-sommes-nous\/","title":{"rendered":"Qui Sommes-Nous"},"content":{"rendered":"<div class=\"wpb-content-wrapper\">[mk_page_section bg_image=\u00a0\u00bbhttps:\/\/hotelalcapo.it\/wp-content\/uploads\/2019\/06\/chi-siamo.jpg\u00a0\u00bb bg_position=\u00a0\u00bbcenter top\u00a0\u00bb bg_repeat=\u00a0\u00bbno-repeat\u00a0\u00bb bg_stretch=\u00a0\u00bbtrue\u00a0\u00bb enable_3d=\u00a0\u00bbtrue\u00a0\u00bb bg_video=\u00a0\u00bbyes\u00a0\u00bb mp4=\u00a0\u00bbhttps:\/\/hotelalcapo.it\/wp-content\/uploads\/2019\/06\/hall-1.mp4&Prime; poster_image=\u00a0\u00bbhttps:\/\/hotelalcapo.it\/wp-content\/uploads\/2019\/06\/chi-siamo.jpg\u00a0\u00bb video_opacity=\u00a0\u00bb0.5&Prime; min_height=\u00a0\u00bb650&Prime; js_vertical_centered=\u00a0\u00bbtrue\u00a0\u00bb top_shape_color=\u00a0\u00bb#ffffff\u00a0\u00bb bottom_shape_color=\u00a0\u00bb#ffffff\u00a0\u00bb first_page=\u00a0\u00bbfalse\u00a0\u00bb last_page=\u00a0\u00bbfalse\u00a0\u00bb sidebar=\u00a0\u00bbsidebar-1&Prime;][vc_column][\/vc_column][\/mk_page_section][vc_row fullwidth=\u00a0\u00bbtrue\u00a0\u00bb visibility=\u00a0\u00bbhidden-sm\u00a0\u00bb css=\u00a0\u00bb.vc_custom_1569579331912{background-color: #000000 !important;}\u00a0\u00bb][vc_column width=\u00a0\u00bb1\/6&Prime;][\/vc_column][vc_column width=\u00a0\u00bb2\/3&Prime;][mk_padding_divider size=\u00a0\u00bb20&Prime;][mk_fancy_title color=\u00a0\u00bb#ffffff\u00a0\u00bb size=\u00a0\u00bb36&Prime; force_font_size=\u00a0\u00bbtrue\u00a0\u00bb size_phone=\u00a0\u00bb15&Prime; txt_transform=\u00a0\u00bbuppercase\u00a0\u00bb letter_spacing=\u00a0\u00bb5&Prime; margin_top=\u00a0\u00bb20&Prime; font_family=\u00a0\u00bbMontserrat\u00a0\u00bb font_type=\u00a0\u00bbgoogle\u00a0\u00bb align=\u00a0\u00bbcenter\u00a0\u00bb animation=\u00a0\u00bbtop-to-bottom\u00a0\u00bb]<span style=\"color: #ffffff;\">INFORMATION DE DEMANDE<\/span>[\/mk_fancy_title][vc_raw_html css=\u00a0\u00bb\u00a0\u00bb]JTVCY29udGFjdC1mb3JtLTclMjBpZCUzRCUyMjc4OTdiMTclMjIlMjB0aXRsZSUzRCUyMmZyYSUyMiU1RA==[\/vc_raw_html][\/vc_column][vc_column width=\u00a0\u00bb1\/6&Prime;][\/vc_column][\/vc_row][mk_page_section min_height=\u00a0\u00bb425&Prime; js_vertical_centered=\u00a0\u00bbtrue\u00a0\u00bb padding_top=\u00a0\u00bb30&Prime; padding_bottom=\u00a0\u00bb30&Prime; sidebar=\u00a0\u00bbsidebar-1&Prime;][vc_column][mk_fancy_title color=\u00a0\u00bb#000000&Prime; size=\u00a0\u00bb36&Prime; force_font_size=\u00a0\u00bbtrue\u00a0\u00bb size_phone=\u00a0\u00bb15&Prime; txt_transform=\u00a0\u00bbuppercase\u00a0\u00bb letter_spacing=\u00a0\u00bb5&Prime; margin_top=\u00a0\u00bb20&Prime; font_family=\u00a0\u00bbMontserrat\u00a0\u00bb font_type=\u00a0\u00bbgoogle\u00a0\u00bb align=\u00a0\u00bbcenter\u00a0\u00bb animation=\u00a0\u00bbtop-to-bottom\u00a0\u00bb]<span style=\"color: #000000;\">HOSPITALIT\u00c9 ET BONT\u00c9 AUTHENTIQUES<\/span>[\/mk_fancy_title][mk_image src=\u00a0\u00bbhttps:\/\/hotelalcapo.it\/wp-content\/uploads\/2019\/05\/loghino.png\u00a0\u00bb image_size=\u00a0\u00bbfull\u00a0\u00bb align=\u00a0\u00bbcenter\u00a0\u00bb margin_bottom=\u00a0\u00bb20&Prime; crop=\u00a0\u00bbfalse\u00a0\u00bb][\/vc_column][\/mk_page_section][mk_page_section layout_structure=\u00a0\u00bbhalf_left\u00a0\u00bb bg_image=\u00a0\u00bbhttps:\/\/hotelalcapo.it\/wp-content\/uploads\/2019\/05\/sfondo-chi-siamo2.png\u00a0\u00bb bg_color=\u00a0\u00bb#e0f5fb\u00a0\u00bb bg_stretch=\u00a0\u00bbtrue\u00a0\u00bb min_height=\u00a0\u00bb715&Prime; full_width=\u00a0\u00bbtrue\u00a0\u00bb js_vertical_centered=\u00a0\u00bbtrue\u00a0\u00bb][vc_column][mk_padding_divider size=\u00a0\u00bb130&Prime;][vc_column_text disable_pattern=\u00a0\u00bbfalse\u00a0\u00bb align=\u00a0\u00bbcenter\u00a0\u00bb margin_bottom=\u00a0\u00bb20&Prime; css=\u00a0\u00bb.vc_custom_1560778508073{margin-bottom: 20px !important;}\u00a0\u00bb]La qualit\u00e9 du service s&rsquo;allie \u00e0 l&rsquo;accueil chaleureux et sympathique, typique d&rsquo;une gestion familiale: depuis 1957, ann\u00e9e apr\u00e8s ann\u00e9e, l&rsquo;H\u00d4TEL AL CAPO ne cesse de charmer. Son excellente position, dans l&rsquo;ancien bourg sarrasin de Varigotti, en fait un lieu id\u00e9al pour un s\u00e9jour agr\u00e9able et reposant. La cuisine toujours impeccable, qui s&rsquo;inspire des plats traditionnels ligures, offre des odeurs et des saveurs m\u00e9diterran\u00e9ennes typiques et fra\u00eeches. Beaucoup d&rsquo;ingr\u00e9dients proviennent directement de nos terres. Pour que votre s\u00e9jour soit d&rsquo;autant plus confortable, l&rsquo;h\u00f4tel a install\u00e9 un r\u00e9frig\u00e9rateur dans chaque chambre. De plus, gr\u00e2ce \u00e0 l&rsquo;\u00e9quipement Wifi, vous pourrez vous connecter directement \u00e0 internet de tout endroit de l&rsquo;h\u00f4tel. Enfin, l&rsquo;h\u00f4tel dispose d&rsquo;un parking priv\u00e9 gratuit, sans r\u00e9servation dans la limite des places disponibles, et de garages payants, sur r\u00e9servation dans la limite des places disponibles.[\/vc_column_text][mk_padding_divider size=\u00a0\u00bb130&Prime;][\/vc_column][\/mk_page_section][vc_row fullwidth=\u00a0\u00bbtrue\u00a0\u00bb visibility=\u00a0\u00bbhidden-sm\u00a0\u00bb][vc_column][mk_gallery images=\u00a0\u00bb5803,5807,5811,5815,5819&Prime; column=\u00a0\u00bb5&Prime; height=\u00a0\u00bb250&Prime; item_spacing=\u00a0\u00bb0&Prime; margin_bottom=\u00a0\u00bb0&Prime;][\/vc_column][\/vc_row][vc_row fullwidth=\u00a0\u00bbtrue\u00a0\u00bb attached=\u00a0\u00bbtrue\u00a0\u00bb visibility=\u00a0\u00bbvisible-sm\u00a0\u00bb][vc_column][mk_image_slideshow images=\u00a0\u00bb5819,5815,5811,5807,5803&Prime; image_height=\u00a0\u00bb450&Prime;][\/vc_column][\/vc_row][vc_row fullwidth=\u00a0\u00bbtrue\u00a0\u00bb disable_element=\u00a0\u00bbyes\u00a0\u00bb css=\u00a0\u00bb.vc_custom_1769091756000{background-color: #000000 !important;}\u00a0\u00bb id=\u00a0\u00bbform\u00a0\u00bb][vc_column width=\u00a0\u00bb1\/6&Prime;][\/vc_column][vc_column width=\u00a0\u00bb2\/3&Prime;][mk_padding_divider size=\u00a0\u00bb20&Prime;][mk_fancy_title color=\u00a0\u00bb#ffffff\u00a0\u00bb size=\u00a0\u00bb36&Prime; force_font_size=\u00a0\u00bbtrue\u00a0\u00bb size_phone=\u00a0\u00bb15&Prime; txt_transform=\u00a0\u00bbuppercase\u00a0\u00bb letter_spacing=\u00a0\u00bb5&Prime; margin_top=\u00a0\u00bb20&Prime; font_family=\u00a0\u00bbMontserrat\u00a0\u00bb font_type=\u00a0\u00bbgoogle\u00a0\u00bb align=\u00a0\u00bbcenter\u00a0\u00bb animation=\u00a0\u00bbtop-to-bottom\u00a0\u00bb]<span style=\"color: #ffffff;\">INFORMATION DE DEMANDE<\/span>[\/mk_fancy_title][vc_raw_html]JTVCY2FsZGVyYV9mb3JtJTIwaWQlM0QlMjJDRjVkMDc1ZDY4ZTZlODIlMjIlNUQ=[\/vc_raw_html][\/vc_column][vc_column width=\u00a0\u00bb1\/6&Prime;][\/vc_column][\/vc_row][vc_row visibility=\u00a0\u00bbhidden-sm\u00a0\u00bb css=\u00a0\u00bb.vc_custom_1590762789702{margin-top: 0px !important;margin-right: 0px !important;margin-bottom: 0px !important;margin-left: 0px !important;border-top-width: 0px !important;border-right-width: 0px !important;border-bottom-width: 0px !important;border-left-width: 0px !important;padding-top: 0px !important;padding-right: 0px !important;padding-bottom: 0px !important;padding-left: 0px !important;}\u00a0\u00bb][vc_column css=\u00a0\u00bb.vc_custom_1590762807300{margin-top: 0px !important;margin-right: 0px !important;margin-bottom: 0px !important;margin-left: 0px !important;border-top-width: 0px !important;border-right-width: 0px !important;border-bottom-width: 0px !important;border-left-width: 0px !important;padding-top: 0px !important;padding-right: 0px !important;padding-bottom: 0px !important;padding-left: 0px !important;}\u00a0\u00bb][vc_raw_html css=\u00a0\u00bb.vc_custom_1590764346072{margin-top: 0px !important;margin-right: 0px !important;margin-bottom: 0px !important;margin-left: 0px !important;border-top-width: 0px !important;border-right-width: 0px !important;border-bottom-width: 0px !important;border-left-width: 0px !important;padding-top: 0px !important;padding-right: 0px !important;padding-bottom: 0px !important;padding-left: 0px !important;}\u00a0\u00bb]JTNDYSUyMGhyZWYlM0QlMjJodHRwcyUzQSUyRiUyRmJvb2tpbmcuZXJpY3NvZnQuY29tJTJGQm9va2luZ0VuZ2luZSUyRkJvb2slM0ZpZGglM0REOUY3MUE5QjdGMTcxMzk3JTIyJTIwdGFyZ2V0JTNEJTIyX2JsYW5rJTIyJTNFJTBBJTNDZGl2JTIwaWQlM0QlMjJib29raW5nLXN0cmlwZSUyMiUyMHN0eWxlJTNEJTIyYmFja2dyb3VuZC1jb2xvciUzQSUyMzAwMDAwMCUzQiUyMHotaW5kZXglM0E5OTk5OTk5JTNCJTIwcGFkZGluZy10b3AlM0ExOHB4JTNCYm9yZGVyJTNBJTIwc29saWQlMjAxcHglMjAlMjNmZmZmZmYlM0IlMjBhbGlnbiUzQXJpZ2h0JTIyJTNFJTBBJTNDcCUyMGNsYXNzJTNEJTIyY29ycG8lMjIlMjBzdHlsZSUzRCUyMmNvbG9yJTNBJTIzZmZmZmZmJTNCcGFkZGluZy1yaWdodCUzQTIwcHglM0IlMjBwYWRkaW5nLWxlZnQlM0EyMHB4JTNCJTIwZm9udC1zaXplJTNBMTVweCUzQiUyMGFsaWduJTNBcmlnaHQlMjIlM0VCT09LJTIwT05MSU5FJTNDJTJGcCUzRSUwQSUzQyUyRmRpdiUzRSUwQSUzQyUyRmElM0U=[\/vc_raw_html][\/vc_column][\/vc_row][mk_page_section bg_color=\u00a0\u00bb#000000&Prime; min_height=\u00a0\u00bb60&Prime; full_width=\u00a0\u00bbtrue\u00a0\u00bb visibility=\u00a0\u00bbvisible-sm\u00a0\u00bb el_class=\u00a0\u00bbfisso\u00a0\u00bb sidebar=\u00a0\u00bbsidebar-1&Prime;][vc_column][vc_row_inner][vc_column_inner width=\u00a0\u00bb1\/6&Prime;][\/vc_column_inner][vc_column_inner width=\u00a0\u00bb2\/3&Prime;][vc_column_text align=\u00a0\u00bbcenter\u00a0\u00bb css=\u00a0\u00bb.vc_custom_1590764363444{margin-bottom: 0px !important;}\u00a0\u00bb]\n<p style=\"text-align: center; color: #ffffff;\"><b><a style=\"color: #ffffff;\" href=\"https:\/\/booking.ericsoft.com\/BookingEngine\/Book?idh=D9F71A9B7F171397\" target=\"_blank\" rel=\"noopener noreferrer\">BOOK ONLINE<\/a><\/b><\/p>\n[\/vc_column_text][\/vc_column_inner][vc_column_inner width=\u00a0\u00bb1\/6&Prime;][\/vc_column_inner][\/vc_row_inner][\/vc_column][\/mk_page_section]\n<\/div>","protected":false},"excerpt":{"rendered":"<p>[mk_page_section bg_image=\u00a0\u00bbhttps:\/\/hotelalcapo.it\/wp-content\/uploads\/2019\/06\/chi-siamo.jpg\u00a0\u00bb bg_position=\u00a0\u00bbcenter top\u00a0\u00bb bg_repeat=\u00a0\u00bbno-repeat\u00a0\u00bb bg_stretch=\u00a0\u00bbtrue\u00a0\u00bb enable_3d=\u00a0\u00bbtrue\u00a0\u00bb bg_video=\u00a0\u00bbyes\u00a0\u00bb mp4=\u00a0\u00bbhttps:\/\/hotelalcapo.it\/wp-content\/uploads\/2019\/06\/hall-1.mp4&Prime; poster_image=\u00a0\u00bbhttps:\/\/hotelalcapo.it\/wp-content\/uploads\/2019\/06\/chi-siamo.jpg\u00a0\u00bb video_opacity=\u00a0\u00bb0.5&Prime; min_height=\u00a0\u00bb650&Prime; js_vertical_centered=\u00a0\u00bbtrue\u00a0\u00bb top_shape_color=\u00a0\u00bb#ffffff\u00a0\u00bb bottom_shape_color=\u00a0\u00bb#ffffff\u00a0\u00bb first_page=\u00a0\u00bbfalse\u00a0\u00bb last_page=\u00a0\u00bbfalse\u00a0\u00bb sidebar=\u00a0\u00bbsidebar-1&Prime;][vc_column][\/vc_column][\/mk_page_section][vc_row fullwidth=\u00a0\u00bbtrue\u00a0\u00bb visibility=\u00a0\u00bbhidden-sm\u00a0\u00bb css=\u00a0\u00bb.vc_custom_1569579331912{background-color: #000000 !important;}\u00a0\u00bb][vc_column width=\u00a0\u00bb1\/6&Prime;][\/vc_column][vc_column width=\u00a0\u00bb2\/3&Prime;][mk_padding_divider size=\u00a0\u00bb20&Prime;][mk_fancy_title color=\u00a0\u00bb#ffffff\u00a0\u00bb size=\u00a0\u00bb36&Prime; force_font_size=\u00a0\u00bbtrue\u00a0\u00bb size_phone=\u00a0\u00bb15&Prime; txt_transform=\u00a0\u00bbuppercase\u00a0\u00bb letter_spacing=\u00a0\u00bb5&Prime; margin_top=\u00a0\u00bb20&Prime; font_family=\u00a0\u00bbMontserrat\u00a0\u00bb font_type=\u00a0\u00bbgoogle\u00a0\u00bb align=\u00a0\u00bbcenter\u00a0\u00bb animation=\u00a0\u00bbtop-to-bottom\u00a0\u00bb]INFORMATION DE DEMANDE[\/mk_fancy_title][vc_raw_html css=\u00a0\u00bb\u00a0\u00bb]JTVCY29udGFjdC1mb3JtLTclMjBpZCUzRCUyMjc4OTdiMTclMjIlMjB0aXRsZSUzRCUyMmZyYSUyMiU1RA==[\/vc_raw_html][\/vc_column][vc_column width=\u00a0\u00bb1\/6&Prime;][\/vc_column][\/vc_row][mk_page_section min_height=\u00a0\u00bb425&Prime; js_vertical_centered=\u00a0\u00bbtrue\u00a0\u00bb padding_top=\u00a0\u00bb30&Prime; padding_bottom=\u00a0\u00bb30&Prime; sidebar=\u00a0\u00bbsidebar-1&Prime;][vc_column][mk_fancy_title color=\u00a0\u00bb#000000&Prime; size=\u00a0\u00bb36&Prime; force_font_size=\u00a0\u00bbtrue\u00a0\u00bb size_phone=\u00a0\u00bb15&Prime; txt_transform=\u00a0\u00bbuppercase\u00a0\u00bb letter_spacing=\u00a0\u00bb5&Prime; margin_top=\u00a0\u00bb20&Prime; font_family=\u00a0\u00bbMontserrat\u00a0\u00bb font_type=\u00a0\u00bbgoogle\u00a0\u00bb [&hellip;]<\/p>\n","protected":false},"author":1,"featured_media":0,"parent":0,"menu_order":0,"comment_status":"closed","ping_status":"closed","template":"","meta":{"footnotes":""},"class_list":["post-6165","page","type-page","status-publish","hentry"],"yoast_head":"<!-- This site is optimized with the Yoast SEO plugin v25.3 - https:\/\/yoast.com\/wordpress\/plugins\/seo\/ -->\n<title>Qui sommes nous - Hotel Al Capo - Varigotti Finale Ligure Savona<\/title>\n<meta name=\"robots\" content=\"index, follow, max-snippet:-1, max-image-preview:large, max-video-preview:-1\" \/>\n<link rel=\"canonical\" href=\"https:\/\/www.hotelalcapo.it\/fr\/qui-sommes-nous\/\" \/>\n<meta property=\"og:locale\" content=\"fr_FR\" \/>\n<meta property=\"og:type\" content=\"article\" \/>\n<meta property=\"og:title\" content=\"Qui sommes nous - Hotel Al Capo - Varigotti Finale Ligure Savona\" \/>\n<meta property=\"og:description\" content=\"[mk_page_section bg_image=\u00a0\u00bbhttps:\/\/hotelalcapo.it\/wp-content\/uploads\/2019\/06\/chi-siamo.jpg\u00a0\u00bb bg_position=\u00a0\u00bbcenter top\u00a0\u00bb bg_repeat=\u00a0\u00bbno-repeat\u00a0\u00bb bg_stretch=\u00a0\u00bbtrue\u00a0\u00bb enable_3d=\u00a0\u00bbtrue\u00a0\u00bb bg_video=\u00a0\u00bbyes\u00a0\u00bb mp4=\u00a0\u00bbhttps:\/\/hotelalcapo.it\/wp-content\/uploads\/2019\/06\/hall-1.mp4&Prime; poster_image=\u00a0\u00bbhttps:\/\/hotelalcapo.it\/wp-content\/uploads\/2019\/06\/chi-siamo.jpg\u00a0\u00bb video_opacity=\u00a0\u00bb0.5&Prime; min_height=\u00a0\u00bb650&Prime; js_vertical_centered=\u00a0\u00bbtrue\u00a0\u00bb top_shape_color=\u00a0\u00bb#ffffff\u00a0\u00bb bottom_shape_color=\u00a0\u00bb#ffffff\u00a0\u00bb first_page=\u00a0\u00bbfalse\u00a0\u00bb last_page=\u00a0\u00bbfalse\u00a0\u00bb sidebar=\u00a0\u00bbsidebar-1&Prime;][vc_column][\/vc_column][\/mk_page_section][vc_row fullwidth=\u00a0\u00bbtrue\u00a0\u00bb visibility=\u00a0\u00bbhidden-sm\u00a0\u00bb css=\u00a0\u00bb.vc_custom_1569579331912{background-color: #000000 !important;}\u00a0\u00bb][vc_column width=\u00a0\u00bb1\/6&Prime;][\/vc_column][vc_column width=\u00a0\u00bb2\/3&Prime;][mk_padding_divider size=\u00a0\u00bb20&Prime;][mk_fancy_title color=\u00a0\u00bb#ffffff\u00a0\u00bb size=\u00a0\u00bb36&Prime; force_font_size=\u00a0\u00bbtrue\u00a0\u00bb size_phone=\u00a0\u00bb15&Prime; txt_transform=\u00a0\u00bbuppercase\u00a0\u00bb letter_spacing=\u00a0\u00bb5&Prime; margin_top=\u00a0\u00bb20&Prime; font_family=\u00a0\u00bbMontserrat\u00a0\u00bb font_type=\u00a0\u00bbgoogle\u00a0\u00bb align=\u00a0\u00bbcenter\u00a0\u00bb animation=\u00a0\u00bbtop-to-bottom\u00a0\u00bb]INFORMATION DE DEMANDE[\/mk_fancy_title][vc_raw_html css=\u00a0\u00bb\u00a0\u00bb]JTVCY29udGFjdC1mb3JtLTclMjBpZCUzRCUyMjc4OTdiMTclMjIlMjB0aXRsZSUzRCUyMmZyYSUyMiU1RA==[\/vc_raw_html][\/vc_column][vc_column width=\u00a0\u00bb1\/6&Prime;][\/vc_column][\/vc_row][mk_page_section min_height=\u00a0\u00bb425&Prime; js_vertical_centered=\u00a0\u00bbtrue\u00a0\u00bb padding_top=\u00a0\u00bb30&Prime; padding_bottom=\u00a0\u00bb30&Prime; sidebar=\u00a0\u00bbsidebar-1&Prime;][vc_column][mk_fancy_title color=\u00a0\u00bb#000000&Prime; size=\u00a0\u00bb36&Prime; force_font_size=\u00a0\u00bbtrue\u00a0\u00bb size_phone=\u00a0\u00bb15&Prime; txt_transform=\u00a0\u00bbuppercase\u00a0\u00bb letter_spacing=\u00a0\u00bb5&Prime; margin_top=\u00a0\u00bb20&Prime; font_family=\u00a0\u00bbMontserrat\u00a0\u00bb font_type=\u00a0\u00bbgoogle\u00a0\u00bb [&hellip;]\" \/>\n<meta property=\"og:url\" content=\"https:\/\/www.hotelalcapo.it\/fr\/qui-sommes-nous\/\" \/>\n<meta property=\"og:site_name\" content=\"Hotel Al Capo\" \/>\n<meta property=\"article:modified_time\" content=\"2026-01-22T14:22:37+00:00\" \/>\n<meta name=\"twitter:card\" content=\"summary_large_image\" \/>\n<meta name=\"twitter:label1\" content=\"Dur\u00e9e de lecture estim\u00e9e\" \/>\n\t<meta name=\"twitter:data1\" content=\"2 minutes\" \/>\n<script type=\"application\/ld+json\" class=\"yoast-schema-graph\">{\"@context\":\"https:\/\/schema.org\",\"@graph\":[{\"@type\":\"WebPage\",\"@id\":\"https:\/\/www.hotelalcapo.it\/fr\/qui-sommes-nous\/\",\"url\":\"https:\/\/www.hotelalcapo.it\/fr\/qui-sommes-nous\/\",\"name\":\"Qui sommes nous - Hotel Al Capo - Varigotti Finale Ligure Savona\",\"isPartOf\":{\"@id\":\"https:\/\/www.hotelalcapo.it\/fr\/#website\"},\"datePublished\":\"2019-06-17T09:56:24+00:00\",\"dateModified\":\"2026-01-22T14:22:37+00:00\",\"breadcrumb\":{\"@id\":\"https:\/\/www.hotelalcapo.it\/fr\/qui-sommes-nous\/#breadcrumb\"},\"inLanguage\":\"fr-FR\",\"potentialAction\":[{\"@type\":\"ReadAction\",\"target\":[\"https:\/\/www.hotelalcapo.it\/fr\/qui-sommes-nous\/\"]}]},{\"@type\":\"BreadcrumbList\",\"@id\":\"https:\/\/www.hotelalcapo.it\/fr\/qui-sommes-nous\/#breadcrumb\",\"itemListElement\":[{\"@type\":\"ListItem\",\"position\":1,\"name\":\"Home\",\"item\":\"https:\/\/www.hotelalcapo.it\/fr\/\"},{\"@type\":\"ListItem\",\"position\":2,\"name\":\"Qui Sommes-Nous\"}]},{\"@type\":\"WebSite\",\"@id\":\"https:\/\/www.hotelalcapo.it\/fr\/#website\",\"url\":\"https:\/\/www.hotelalcapo.it\/fr\/\",\"name\":\"Hotel Al Capo\",\"description\":\"\",\"potentialAction\":[{\"@type\":\"SearchAction\",\"target\":{\"@type\":\"EntryPoint\",\"urlTemplate\":\"https:\/\/www.hotelalcapo.it\/fr\/?s={search_term_string}\"},\"query-input\":{\"@type\":\"PropertyValueSpecification\",\"valueRequired\":true,\"valueName\":\"search_term_string\"}}],\"inLanguage\":\"fr-FR\"}]}<\/script>\n<!-- \/ Yoast SEO plugin. -->","yoast_head_json":{"title":"Qui sommes nous - Hotel Al Capo - Varigotti Finale Ligure Savona","robots":{"index":"index","follow":"follow","max-snippet":"max-snippet:-1","max-image-preview":"max-image-preview:large","max-video-preview":"max-video-preview:-1"},"canonical":"https:\/\/www.hotelalcapo.it\/fr\/qui-sommes-nous\/","og_locale":"fr_FR","og_type":"article","og_title":"Qui sommes nous - Hotel Al Capo - Varigotti Finale Ligure Savona","og_description":"[mk_page_section bg_image=\u00a0\u00bbhttps:\/\/hotelalcapo.it\/wp-content\/uploads\/2019\/06\/chi-siamo.jpg\u00a0\u00bb bg_position=\u00a0\u00bbcenter top\u00a0\u00bb bg_repeat=\u00a0\u00bbno-repeat\u00a0\u00bb bg_stretch=\u00a0\u00bbtrue\u00a0\u00bb enable_3d=\u00a0\u00bbtrue\u00a0\u00bb bg_video=\u00a0\u00bbyes\u00a0\u00bb mp4=\u00a0\u00bbhttps:\/\/hotelalcapo.it\/wp-content\/uploads\/2019\/06\/hall-1.mp4&Prime; poster_image=\u00a0\u00bbhttps:\/\/hotelalcapo.it\/wp-content\/uploads\/2019\/06\/chi-siamo.jpg\u00a0\u00bb video_opacity=\u00a0\u00bb0.5&Prime; min_height=\u00a0\u00bb650&Prime; js_vertical_centered=\u00a0\u00bbtrue\u00a0\u00bb top_shape_color=\u00a0\u00bb#ffffff\u00a0\u00bb bottom_shape_color=\u00a0\u00bb#ffffff\u00a0\u00bb first_page=\u00a0\u00bbfalse\u00a0\u00bb last_page=\u00a0\u00bbfalse\u00a0\u00bb sidebar=\u00a0\u00bbsidebar-1&Prime;][vc_column][\/vc_column][\/mk_page_section][vc_row fullwidth=\u00a0\u00bbtrue\u00a0\u00bb visibility=\u00a0\u00bbhidden-sm\u00a0\u00bb css=\u00a0\u00bb.vc_custom_1569579331912{background-color: #000000 !important;}\u00a0\u00bb][vc_column width=\u00a0\u00bb1\/6&Prime;][\/vc_column][vc_column width=\u00a0\u00bb2\/3&Prime;][mk_padding_divider size=\u00a0\u00bb20&Prime;][mk_fancy_title color=\u00a0\u00bb#ffffff\u00a0\u00bb size=\u00a0\u00bb36&Prime; force_font_size=\u00a0\u00bbtrue\u00a0\u00bb size_phone=\u00a0\u00bb15&Prime; txt_transform=\u00a0\u00bbuppercase\u00a0\u00bb letter_spacing=\u00a0\u00bb5&Prime; margin_top=\u00a0\u00bb20&Prime; font_family=\u00a0\u00bbMontserrat\u00a0\u00bb font_type=\u00a0\u00bbgoogle\u00a0\u00bb align=\u00a0\u00bbcenter\u00a0\u00bb animation=\u00a0\u00bbtop-to-bottom\u00a0\u00bb]INFORMATION DE DEMANDE[\/mk_fancy_title][vc_raw_html css=\u00a0\u00bb\u00a0\u00bb]JTVCY29udGFjdC1mb3JtLTclMjBpZCUzRCUyMjc4OTdiMTclMjIlMjB0aXRsZSUzRCUyMmZyYSUyMiU1RA==[\/vc_raw_html][\/vc_column][vc_column width=\u00a0\u00bb1\/6&Prime;][\/vc_column][\/vc_row][mk_page_section min_height=\u00a0\u00bb425&Prime; js_vertical_centered=\u00a0\u00bbtrue\u00a0\u00bb padding_top=\u00a0\u00bb30&Prime; padding_bottom=\u00a0\u00bb30&Prime; sidebar=\u00a0\u00bbsidebar-1&Prime;][vc_column][mk_fancy_title color=\u00a0\u00bb#000000&Prime; size=\u00a0\u00bb36&Prime; force_font_size=\u00a0\u00bbtrue\u00a0\u00bb size_phone=\u00a0\u00bb15&Prime; txt_transform=\u00a0\u00bbuppercase\u00a0\u00bb letter_spacing=\u00a0\u00bb5&Prime; margin_top=\u00a0\u00bb20&Prime; font_family=\u00a0\u00bbMontserrat\u00a0\u00bb font_type=\u00a0\u00bbgoogle\u00a0\u00bb [&hellip;]","og_url":"https:\/\/www.hotelalcapo.it\/fr\/qui-sommes-nous\/","og_site_name":"Hotel Al Capo","article_modified_time":"2026-01-22T14:22:37+00:00","twitter_card":"summary_large_image","twitter_misc":{"Dur\u00e9e de lecture estim\u00e9e":"2 minutes"},"schema":{"@context":"https:\/\/schema.org","@graph":[{"@type":"WebPage","@id":"https:\/\/www.hotelalcapo.it\/fr\/qui-sommes-nous\/","url":"https:\/\/www.hotelalcapo.it\/fr\/qui-sommes-nous\/","name":"Qui sommes nous - Hotel Al Capo - Varigotti Finale Ligure Savona","isPartOf":{"@id":"https:\/\/www.hotelalcapo.it\/fr\/#website"},"datePublished":"2019-06-17T09:56:24+00:00","dateModified":"2026-01-22T14:22:37+00:00","breadcrumb":{"@id":"https:\/\/www.hotelalcapo.it\/fr\/qui-sommes-nous\/#breadcrumb"},"inLanguage":"fr-FR","potentialAction":[{"@type":"ReadAction","target":["https:\/\/www.hotelalcapo.it\/fr\/qui-sommes-nous\/"]}]},{"@type":"BreadcrumbList","@id":"https:\/\/www.hotelalcapo.it\/fr\/qui-sommes-nous\/#breadcrumb","itemListElement":[{"@type":"ListItem","position":1,"name":"Home","item":"https:\/\/www.hotelalcapo.it\/fr\/"},{"@type":"ListItem","position":2,"name":"Qui Sommes-Nous"}]},{"@type":"WebSite","@id":"https:\/\/www.hotelalcapo.it\/fr\/#website","url":"https:\/\/www.hotelalcapo.it\/fr\/","name":"Hotel Al Capo","description":"","potentialAction":[{"@type":"SearchAction","target":{"@type":"EntryPoint","urlTemplate":"https:\/\/www.hotelalcapo.it\/fr\/?s={search_term_string}"},"query-input":{"@type":"PropertyValueSpecification","valueRequired":true,"valueName":"search_term_string"}}],"inLanguage":"fr-FR"}]}},"_links":{"self":[{"href":"https:\/\/www.hotelalcapo.it\/fr\/wp-json\/wp\/v2\/pages\/6165","targetHints":{"allow":["GET"]}}],"collection":[{"href":"https:\/\/www.hotelalcapo.it\/fr\/wp-json\/wp\/v2\/pages"}],"about":[{"href":"https:\/\/www.hotelalcapo.it\/fr\/wp-json\/wp\/v2\/types\/page"}],"author":[{"embeddable":true,"href":"https:\/\/www.hotelalcapo.it\/fr\/wp-json\/wp\/v2\/users\/1"}],"replies":[{"embeddable":true,"href":"https:\/\/www.hotelalcapo.it\/fr\/wp-json\/wp\/v2\/comments?post=6165"}],"version-history":[{"count":9,"href":"https:\/\/www.hotelalcapo.it\/fr\/wp-json\/wp\/v2\/pages\/6165\/revisions"}],"predecessor-version":[{"id":6819,"href":"https:\/\/www.hotelalcapo.it\/fr\/wp-json\/wp\/v2\/pages\/6165\/revisions\/6819"}],"wp:attachment":[{"href":"https:\/\/www.hotelalcapo.it\/fr\/wp-json\/wp\/v2\/media?parent=6165"}],"curies":[{"name":"wp","href":"https:\/\/api.w.org\/{rel}","templated":true}]}}